{"id":56,"date":"2015-06-22T12:23:30","date_gmt":"2015-06-22T10:23:30","guid":{"rendered":"http:\/\/bastelzeux.de\/?page_id=56"},"modified":"2015-06-22T12:29:56","modified_gmt":"2015-06-22T10:29:56","slug":"stampin-up","status":"publish","type":"page","link":"http:\/\/bastelzeux.de\/?page_id=56","title":{"rendered":"Stampin&#8216; Up!"},"content":{"rendered":"<p><!-- .entry-header -->Stampin&#8216; Up! ist ein in den USA gegr\u00fcndetes Familienunternehmen, welches sich mittlerweile \u00fcber weite Teile des gesamten Erdballs erstreckt. Bei all meinen selbst gestalteten Werken verwende ich ausschlie\u00dflich Stampin&#8216; Up! Produkte.<\/p>\n<div class=\"entry-content\">\n<h3>Gastgeberin werden<\/h3>\n<p>Du m\u00f6chtest Stampin&#8216; Up! gerne kennenlernen? Kein Problem ! Veranstalte einen Workshop oder eine Bastelparty bei Dir zu Hause. Je nach Interesse wird dieser Abend individuell auf Deine und die Bed\u00fcrfnisse Deiner G\u00e4ste abgestimmt. Ob Karten, Geschenkverpackungen oder andere Kleinigkeiten &#8230; Du entscheidest frei \u00fcber die Gestaltung Deines Abends.<\/p>\n<p>Bist Du der Meinung es k\u00f6nnte bei Dir zu Hause etwas eng werden ;o), kannst Du Deinen Abend auch bei mir zu Hause (Darmstadt) ausrichten.<\/p>\n<div>\n<h3>Produkte bestellen<\/h3>\n<p>Du willst etwas bestellen, ohne einen Workshop oder eine Bastelparty\u00a0zu halten? Auch das ist m\u00f6glich!<\/p>\n<p>Du kannst entweder die Sammelbestellung nutzen, um au\u00dferhalb eines Workshops oder einer Bastelparty zu bestellen, oder Du schickst mir eine email bzw. rufst mich an.<\/p>\n<p>Bestellungen au\u00dferhalb der Workshops, Bastelpartys oder Sammelbestellungen sind jederzeit m\u00f6glich und haben keinen Mindestbestellwert! F\u00fcr den Versand berechne ich 5,95\u20ac Porto.<\/p>\n<h3>Sammelbestellung<\/h3>\n<p>Einmal im Monat biete ich eine Sammelbestellung an, damit\u00a0Du und alle Interessierten auch au\u00dferhalb eines Workshops bestellen und Versandkosten sparen k\u00f6nnen.\u00a0Sofern nicht anders angegeben, kannst du deine Bestellung am genannten Termin bis 20:00 bei mir aufgeben.<\/p>\n<\/div>\n<\/div>\n","protected":false},"excerpt":{"rendered":"<p>Stampin&#8216; Up! ist ein in den USA gegr\u00fcndetes Familienunternehmen, welches sich mittlerweile \u00fcber weite Teile des gesamten&#8230;<\/p>\n","protected":false},"author":1,"featured_media":0,"parent":0,"menu_order":0,"comment_status":"open","ping_status":"closed","template":"","meta":[],"_links":{"self":[{"href":"http:\/\/bastelzeux.de\/index.php?rest_route=\/wp\/v2\/pages\/56"}],"collection":[{"href":"http:\/\/bastelzeux.de\/index.php?rest_route=\/wp\/v2\/pages"}],"about":[{"href":"http:\/\/bastelzeux.de\/index.php?rest_route=\/wp\/v2\/types\/page"}],"author":[{"embeddable":true,"href":"http:\/\/bastelzeux.de\/index.php?rest_route=\/wp\/v2\/users\/1"}],"replies":[{"embeddable":true,"href":"http:\/\/bastelzeux.de\/index.php?rest_route=%2Fwp%2Fv2%2Fcomments&post=56"}],"version-history":[{"count":7,"href":"http:\/\/bastelzeux.de\/index.php?rest_route=\/wp\/v2\/pages\/56\/revisions"}],"predecessor-version":[{"id":67,"href":"http:\/\/bastelzeux.de\/index.php?rest_route=\/wp\/v2\/pages\/56\/revisions\/67"}],"wp:attachment":[{"href":"http:\/\/bastelzeux.de\/index.php?rest_route=%2Fwp%2Fv2%2Fmedia&parent=56"}],"curies":[{"name":"wp","href":"https:\/\/api.w.org\/{rel}","templated":true}]}}